{"id":45,"date":"2018-08-29T14:03:47","date_gmt":"2018-08-29T14:03:47","guid":{"rendered":"http:\/\/www.northeastans.org\/?page_id=45"},"modified":"2018-10-21T15:34:22","modified_gmt":"2018-10-21T15:34:22","slug":"quebec","status":"publish","type":"page","link":"https:\/\/northeastans.org\/index.php\/home-page\/member-states-and-provinces\/quebec\/","title":{"rendered":"Quebec"},"content":{"rendered":"<h2>Web Addresses<\/h2>\n<ul>\n<li style=\"list-style-type: none;\">\n<ul>\n<li style=\"list-style-type: none;\">\n<ul>\n<li><a href=\"http:\/\/www.mddep.gouv.qc.ca\/biodiversite\/eae\/didymo.htm\" target=\"_blank\" rel=\"noopener\">http:\/\/www.mddep.gouv.qc.ca\/biodiversite\/eae\/didymo.htm<\/a><\/li>\n<li><a href=\"http:\/\/www.mrn.gouv.qc.ca\/faune\/index.jsp\" target=\"_blank\" rel=\"noopener\">http:\/\/www.mrn.gouv.qc.ca\/faune\/index.jsp<\/a><\/li>\n<\/ul>\n<\/li>\n<\/ul>\n<\/li>\n<\/ul>\n<p>&nbsp;<\/p>\n<h2>Primary ANS Contacts<\/h2>\n<p><strong>Freshwater Plants:<\/strong><\/p>\n<ul>\n<li>Isabelle Simard<br \/>\nService des \u00e9cosyst\u00e8mes et de la biodiversit\u00e9<br \/>\nDirection du patrimoine \u00e9cologique et des parcs<br \/>\nMinist\u00e8re du D\u00e9veloppement durable, de l&#8217;Environnement, de la Faune et des Parcs<br \/>\n\u00e9difice Marie-Guyart, 4e \u00e9tage<br \/>\n675, boulevard Ren\u00e9-L\u00e9vesque Est<br \/>\nQu\u00e9bec QC G1R 5V7, case 21<br \/>\nTel.: 418.521.3907 poste 4417<br \/>\nFax: 418.646.6169<br \/>\n<a href=\"mailto:Isabelle.Simard@mddep.gouv.qc.ca\">Isabelle.Simard@mddep.gouv.qc.ca<\/a><\/li>\n<\/ul>\n<p><strong>Freshwater Animals:<\/strong><\/p>\n<ul>\n<li>Anouk Simard et Isabelle Desjardins<br \/>\nService de la faune aquatique<br \/>\nDirection des Maladies de la Faune et de la Biodiversit\u00e9<br \/>\nDirection g\u00e9n\u00e9rale de l&#8217;Expertise sur la faune et ses Habitats<br \/>\nFaune-Qu\u00e9bec<br \/>\nMinist\u00e8re du D\u00e9veloppement durable, de l&#8217;Environnement, de la Faune et des Parcs<br \/>\n880, chemin Sainte-Foy, 2\u00e8me \u00e9tage<br \/>\nQu\u00e9bec QC G1S 4X4<br \/>\nTel.\u00a0: 418.627.8694 poste 7429<br \/>\n<a href=\"mailto:Anouk.Simard@mrnf.gouv.qc.ca\">Anouk.Simard@mrnf.gouv.qc.ca<\/a>\u00a0et\u00a0<a href=\"mailto:Isabelle.Desjardins@mrnf.gouv.qc.ca\">Isabelle.Desjardins@mrnf.gouv.qc.ca<\/a><\/li>\n<\/ul>\n<p><strong>Saltwater Plants:<\/strong><\/p>\n<ul>\n<li>Vacant<\/li>\n<\/ul>\n<p><strong>Saltwater Animals:<\/strong><\/p>\n<ul>\n<li>Vacant<\/li>\n<li>Madeleine Nadeau<br \/>\nCentre maricole des \u00celes-de-la-Madeleine (CeMIM)<br \/>\nDirection de l&#8217;Innovation et des Technologies<br \/>\nMinist\u00e8re de l&#8217;Agriculture, des P\u00eacheries et de l&#8217;Alimentation du Qu\u00e9bec<br \/>\n107-125 chemin du Parc<br \/>\nCap-aux-Meules QC G4T 1B3<br \/>\nTel: 418.986.4795 poste 229<br \/>\nFax: 418.986.6573<\/li>\n<\/ul>\n<p>&nbsp;<\/p>\n<h2>Panel Membership<\/h2>\n<p><strong>Agency<\/strong><\/p>\n<ul>\n<li>Minist\u00e8re du D\u00e9veloppement durable, de l&#8217;Environnement, de la Faune et des Parcs<br \/>\n(Natural resources and wildlife)<br \/>\nFaune-Qu\u00e9bec<br \/>\n880, chemin Ste-Foy, 2e \u00e9tage<br \/>\nQu\u00e9bec, QC G1S 4X4<\/li>\n<\/ul>\n<p><strong>Representative<\/strong><\/p>\n<ul>\n<li>Isabelle Simard<br \/>\nExotic invasive species coordinator<\/li>\n<\/ul>\n<p>&nbsp;<\/p>\n<h2>Species Actively Managed<\/h2>\n<p><strong>Plants<\/strong><\/p>\n<ul>\n<li>Water chestnut (<em>Trapa natans<\/em>)<\/li>\n<\/ul>\n<p><strong>Animals<\/strong><\/p>\n<ul>\n<li>Asian tapeworm<\/li>\n<li>Allegheny crayfish (<em>Orconectes obscurus<\/em>)<\/li>\n<li>bass tapeworm (<em>Proteocephalus ambloplitis<\/em>)<\/li>\n<li>grass carp (<em>Ctenopharyngodon idella<\/em>)<\/li>\n<li>red swamp crayfish (<em>Orconectes clarkii<\/em>)<\/li>\n<li>round goby (<em>Neogobius melanostomus<\/em>)<\/li>\n<li>rudd (<em>Scardinius erythrophthalmus<\/em>)<\/li>\n<li>rusty crayfish (<em>Orconectes rusticus<\/em>)<\/li>\n<li>walking catfish (<em>Clarias batrachus<\/em>)<\/li>\n<li>whirling disease (<em>Myxobolus cerebralis<\/em>)<\/li>\n<li>White River crayfish (<em>Procambarus acutus<\/em>)<\/li>\n<li>zebra mussel (<em>Dreissena polymorpha<\/em>)<\/li>\n<\/ul>\n<p>&nbsp;<\/p>\n<h2>Other Established Species of Concern<\/h2>\n<p><strong>Plants<\/strong><\/p>\n<ul>\n<li>European frogbit (Hydrocharis morsus-ranae)<\/li>\n<li>European frogbit (Hydrocharis morsus-ranae)<\/li>\n<li>Eurasian watermilfoil\u00a0<em>(Myriophyllum spicatum)<\/em><\/li>\n<li>Common reed\u00a0<em>(Phragmites australis)<\/em><\/li>\n<li>Flowering rush\u00a0<em>(Butomus umbellatus)<\/em><\/li>\n<li>Japanese knotweed\u00a0<em>(Fallopia japonica)<\/em><\/li>\n<li>Reed canary grass\u00a0<em>(Phalaris arundinacea)<\/em><\/li>\n<li>Oyster thief\u00a0<em>(Coduim fragile\u00a0<\/em>ssp.<em>\u00a0tomentosoides)<\/em><\/li>\n<\/ul>\n<p><strong>Animals<\/strong><\/p>\n<ul>\n<li>zebra mussel(<em>Dreissena polymorpha<\/em>)<\/li>\n<li>quagga mussel\u00a0<em>(Dreissena bugensis)<\/em><\/li>\n<li>round goby\u00a0<em>(Neogobius melanostomus)<\/em><\/li>\n<li>rusty crayfish\u00a0<em>(Orconectus rusticus)<\/em><\/li>\n<li>tench\u00a0<em>(Tinca tinca)<\/em><\/li>\n<li>green crab\u00a0<em>(Carcinus maenas)<\/em><\/li>\n<li>lacy bryozoan (<em>Membranipora membranacea<\/em>)<\/li>\n<li>golden star tunicate (<em>Botryllus schlosseri<\/em>)<\/li>\n<\/ul>\n<p>&nbsp;<\/p>\n<h2>Programs\/Resources<\/h2>\n<p>&nbsp;<\/p>\n<h2>Other Links<\/h2>\n<div align=\"center\">\n","protected":false},"excerpt":{"rendered":"<p>Web Addresses http:\/\/www.mddep.gouv.qc.ca\/biodiversite\/eae\/didymo.htm http:\/\/www.mrn.gouv.qc.ca\/faune\/index.jsp &nbsp; Primary ANS Contacts Freshwater Plants: Isabelle Simard Service des \u00e9cosyst\u00e8mes et de la biodiversit\u00e9 Direction du patrimoine \u00e9cologique et des parcs Minist\u00e8re du D\u00e9veloppement durable, de l&#8217;Environnement, de la Faune et des Parcs \u00e9difice Marie-Guyart, 4e \u00e9tage 675, boulevard Ren\u00e9-L\u00e9vesque Est Qu\u00e9bec QC G1R 5V7, case 21 Tel.: 418.521.3907 poste [&hellip;]<\/p>\n","protected":false},"author":1,"featured_media":0,"parent":21,"menu_order":34,"comment_status":"closed","ping_status":"closed","template":"","meta":{"footnotes":""},"class_list":["post-45","page","type-page","status-publish","hentry"],"yoast_head":"<!-- This site is optimized with the Yoast SEO plugin v27.4 - https:\/\/yoast.com\/product\/yoast-seo-wordpress\/ -->\n<title>Quebec - Northeast Aquatic Nuisance Species Panel<\/title>\n<meta name=\"description\" content=\"Contacts and resources for learning about aquatic nuisance species in Quebec, provided by the Northeast Aquatic Nuisance Species (NEANS) Panel.\" \/>\n<meta name=\"robots\" content=\"index, follow, max-snippet:-1, max-image-preview:large, max-video-preview:-1\" \/>\n<link rel=\"canonical\" href=\"https:\/\/northeastans.org\/index.php\/home-page\/member-states-and-provinces\/quebec\/\" \/>\n<meta property=\"og:locale\" content=\"en_US\" \/>\n<meta property=\"og:type\" content=\"article\" \/>\n<meta property=\"og:title\" content=\"Quebec - Northeast Aquatic Nuisance Species Panel\" \/>\n<meta property=\"og:description\" content=\"Contacts and resources for learning about aquatic nuisance species in Quebec, provided by the Northeast Aquatic Nuisance Species (NEANS) Panel.\" \/>\n<meta property=\"og:url\" content=\"https:\/\/northeastans.org\/index.php\/home-page\/member-states-and-provinces\/quebec\/\" \/>\n<meta property=\"og:site_name\" content=\"Northeast Aquatic Nuisance Species Panel\" \/>\n<meta property=\"article:modified_time\" content=\"2018-10-21T15:34:22+00:00\" \/>\n<meta name=\"twitter:card\" content=\"summary_large_image\" \/>\n<meta name=\"twitter:label1\" content=\"Est. reading time\" \/>\n\t<meta name=\"twitter:data1\" content=\"2 minutes\" \/>\n<script type=\"application\/ld+json\" class=\"yoast-schema-graph\">{\"@context\":\"https:\\\/\\\/schema.org\",\"@graph\":[{\"@type\":\"WebPage\",\"@id\":\"https:\\\/\\\/northeastans.org\\\/index.php\\\/home-page\\\/member-states-and-provinces\\\/quebec\\\/\",\"url\":\"https:\\\/\\\/northeastans.org\\\/index.php\\\/home-page\\\/member-states-and-provinces\\\/quebec\\\/\",\"name\":\"Quebec - Northeast Aquatic Nuisance Species Panel\",\"isPartOf\":{\"@id\":\"https:\\\/\\\/northeastans.org\\\/#website\"},\"datePublished\":\"2018-08-29T14:03:47+00:00\",\"dateModified\":\"2018-10-21T15:34:22+00:00\",\"description\":\"Contacts and resources for learning about aquatic nuisance species in Quebec, provided by the Northeast Aquatic Nuisance Species (NEANS) Panel.\",\"breadcrumb\":{\"@id\":\"https:\\\/\\\/northeastans.org\\\/index.php\\\/home-page\\\/member-states-and-provinces\\\/quebec\\\/#breadcrumb\"},\"inLanguage\":\"en-US\",\"potentialAction\":[{\"@type\":\"ReadAction\",\"target\":[\"https:\\\/\\\/northeastans.org\\\/index.php\\\/home-page\\\/member-states-and-provinces\\\/quebec\\\/\"]}]},{\"@type\":\"BreadcrumbList\",\"@id\":\"https:\\\/\\\/northeastans.org\\\/index.php\\\/home-page\\\/member-states-and-provinces\\\/quebec\\\/#breadcrumb\",\"itemListElement\":[{\"@type\":\"ListItem\",\"position\":1,\"name\":\"Home\",\"item\":\"https:\\\/\\\/northeastans.org\\\/\"},{\"@type\":\"ListItem\",\"position\":2,\"name\":\"Home\",\"item\":\"https:\\\/\\\/northeastans.org\\\/index.php\\\/home-page\\\/\"},{\"@type\":\"ListItem\",\"position\":3,\"name\":\"Member States and Provinces\",\"item\":\"https:\\\/\\\/northeastans.org\\\/index.php\\\/home-page\\\/member-states-and-provinces\\\/\"},{\"@type\":\"ListItem\",\"position\":4,\"name\":\"Quebec\"}]},{\"@type\":\"WebSite\",\"@id\":\"https:\\\/\\\/northeastans.org\\\/#website\",\"url\":\"https:\\\/\\\/northeastans.org\\\/\",\"name\":\"Northeast Aquatic Nuisance Species Panel\",\"description\":\"\",\"publisher\":{\"@id\":\"https:\\\/\\\/northeastans.org\\\/#organization\"},\"potentialAction\":[{\"@type\":\"SearchAction\",\"target\":{\"@type\":\"EntryPoint\",\"urlTemplate\":\"https:\\\/\\\/northeastans.org\\\/?s={search_term_string}\"},\"query-input\":{\"@type\":\"PropertyValueSpecification\",\"valueRequired\":true,\"valueName\":\"search_term_string\"}}],\"inLanguage\":\"en-US\"},{\"@type\":\"Organization\",\"@id\":\"https:\\\/\\\/northeastans.org\\\/#organization\",\"name\":\"Northeast Aquatic Nuisance Species Panel\",\"url\":\"https:\\\/\\\/northeastans.org\\\/\",\"logo\":{\"@type\":\"ImageObject\",\"inLanguage\":\"en-US\",\"@id\":\"https:\\\/\\\/northeastans.org\\\/#\\\/schema\\\/logo\\\/image\\\/\",\"url\":\"https:\\\/\\\/northeastans.org\\\/wp-content\\\/uploads\\\/2018\\\/11\\\/logo-ii.png\",\"contentUrl\":\"https:\\\/\\\/northeastans.org\\\/wp-content\\\/uploads\\\/2018\\\/11\\\/logo-ii.png\",\"width\":500,\"height\":195,\"caption\":\"Northeast Aquatic Nuisance Species Panel\"},\"image\":{\"@id\":\"https:\\\/\\\/northeastans.org\\\/#\\\/schema\\\/logo\\\/image\\\/\"}}]}<\/script>\n<!-- \/ Yoast SEO plugin. -->","yoast_head_json":{"title":"Quebec - Northeast Aquatic Nuisance Species Panel","description":"Contacts and resources for learning about aquatic nuisance species in Quebec, provided by the Northeast Aquatic Nuisance Species (NEANS) Panel.","robots":{"index":"index","follow":"follow","max-snippet":"max-snippet:-1","max-image-preview":"max-image-preview:large","max-video-preview":"max-video-preview:-1"},"canonical":"https:\/\/northeastans.org\/index.php\/home-page\/member-states-and-provinces\/quebec\/","og_locale":"en_US","og_type":"article","og_title":"Quebec - Northeast Aquatic Nuisance Species Panel","og_description":"Contacts and resources for learning about aquatic nuisance species in Quebec, provided by the Northeast Aquatic Nuisance Species (NEANS) Panel.","og_url":"https:\/\/northeastans.org\/index.php\/home-page\/member-states-and-provinces\/quebec\/","og_site_name":"Northeast Aquatic Nuisance Species Panel","article_modified_time":"2018-10-21T15:34:22+00:00","twitter_card":"summary_large_image","twitter_misc":{"Est. reading time":"2 minutes"},"schema":{"@context":"https:\/\/schema.org","@graph":[{"@type":"WebPage","@id":"https:\/\/northeastans.org\/index.php\/home-page\/member-states-and-provinces\/quebec\/","url":"https:\/\/northeastans.org\/index.php\/home-page\/member-states-and-provinces\/quebec\/","name":"Quebec - Northeast Aquatic Nuisance Species Panel","isPartOf":{"@id":"https:\/\/northeastans.org\/#website"},"datePublished":"2018-08-29T14:03:47+00:00","dateModified":"2018-10-21T15:34:22+00:00","description":"Contacts and resources for learning about aquatic nuisance species in Quebec, provided by the Northeast Aquatic Nuisance Species (NEANS) Panel.","breadcrumb":{"@id":"https:\/\/northeastans.org\/index.php\/home-page\/member-states-and-provinces\/quebec\/#breadcrumb"},"inLanguage":"en-US","potentialAction":[{"@type":"ReadAction","target":["https:\/\/northeastans.org\/index.php\/home-page\/member-states-and-provinces\/quebec\/"]}]},{"@type":"BreadcrumbList","@id":"https:\/\/northeastans.org\/index.php\/home-page\/member-states-and-provinces\/quebec\/#breadcrumb","itemListElement":[{"@type":"ListItem","position":1,"name":"Home","item":"https:\/\/northeastans.org\/"},{"@type":"ListItem","position":2,"name":"Home","item":"https:\/\/northeastans.org\/index.php\/home-page\/"},{"@type":"ListItem","position":3,"name":"Member States and Provinces","item":"https:\/\/northeastans.org\/index.php\/home-page\/member-states-and-provinces\/"},{"@type":"ListItem","position":4,"name":"Quebec"}]},{"@type":"WebSite","@id":"https:\/\/northeastans.org\/#website","url":"https:\/\/northeastans.org\/","name":"Northeast Aquatic Nuisance Species Panel","description":"","publisher":{"@id":"https:\/\/northeastans.org\/#organization"},"potentialAction":[{"@type":"SearchAction","target":{"@type":"EntryPoint","urlTemplate":"https:\/\/northeastans.org\/?s={search_term_string}"},"query-input":{"@type":"PropertyValueSpecification","valueRequired":true,"valueName":"search_term_string"}}],"inLanguage":"en-US"},{"@type":"Organization","@id":"https:\/\/northeastans.org\/#organization","name":"Northeast Aquatic Nuisance Species Panel","url":"https:\/\/northeastans.org\/","logo":{"@type":"ImageObject","inLanguage":"en-US","@id":"https:\/\/northeastans.org\/#\/schema\/logo\/image\/","url":"https:\/\/northeastans.org\/wp-content\/uploads\/2018\/11\/logo-ii.png","contentUrl":"https:\/\/northeastans.org\/wp-content\/uploads\/2018\/11\/logo-ii.png","width":500,"height":195,"caption":"Northeast Aquatic Nuisance Species Panel"},"image":{"@id":"https:\/\/northeastans.org\/#\/schema\/logo\/image\/"}}]}},"_links":{"self":[{"href":"https:\/\/northeastans.org\/index.php\/wp-json\/wp\/v2\/pages\/45","targetHints":{"allow":["GET"]}}],"collection":[{"href":"https:\/\/northeastans.org\/index.php\/wp-json\/wp\/v2\/pages"}],"about":[{"href":"https:\/\/northeastans.org\/index.php\/wp-json\/wp\/v2\/types\/page"}],"author":[{"embeddable":true,"href":"https:\/\/northeastans.org\/index.php\/wp-json\/wp\/v2\/users\/1"}],"replies":[{"embeddable":true,"href":"https:\/\/northeastans.org\/index.php\/wp-json\/wp\/v2\/comments?post=45"}],"version-history":[{"count":6,"href":"https:\/\/northeastans.org\/index.php\/wp-json\/wp\/v2\/pages\/45\/revisions"}],"predecessor-version":[{"id":316,"href":"https:\/\/northeastans.org\/index.php\/wp-json\/wp\/v2\/pages\/45\/revisions\/316"}],"up":[{"embeddable":true,"href":"https:\/\/northeastans.org\/index.php\/wp-json\/wp\/v2\/pages\/21"}],"wp:attachment":[{"href":"https:\/\/northeastans.org\/index.php\/wp-json\/wp\/v2\/media?parent=45"}],"curies":[{"name":"wp","href":"https:\/\/api.w.org\/{rel}","templated":true}]}}